{"id":15686,"date":"2020-11-20T13:15:40","date_gmt":"2020-11-20T13:15:40","guid":{"rendered":"https:\/\/bienale-test.vamberk.cz\/home-main\/"},"modified":"2026-03-11T13:18:02","modified_gmt":"2026-03-11T12:18:02","slug":"home-main","status":"publish","type":"page","link":"https:\/\/bienale.vamberk.cz\/en\/","title":{"rendered":"Home"},"content":{"rendered":"<div data-elementor-type=\"wp-page\" data-elementor-id=\"15686\" class=\"elementor elementor-15686\" data-elementor-post-type=\"page\">\n\t\t\t\t\t\t<section class=\"elementor-section elementor-top-section elementor-element elementor-element-0d44549 elementor-section-height-min-height elementor-section-items-stretch elementor-section-boxed elementor-section-height-default\" data-id=\"0d44549\" data-element_type=\"section\" data-settings=\"{&quot;background_background&quot;:&quot;classic&quot;}\">\n\t\t\t\t\t\t\t<div class=\"elementor-background-overlay\"><\/div>\n\t\t\t\t\t\t\t<div class=\"elementor-container elementor-column-gap-wider\">\n\t\t\t\t\t<div class=\"elementor-column elementor-col-50 elementor-top-column elementor-element elementor-element-2cac93b\" data-id=\"2cac93b\" data-element_type=\"column\" data-settings=\"{&quot;background_background&quot;:&quot;classic&quot;}\">\n\t\t\t<div class=\"elementor-widget-wrap elementor-element-populated\">\n\t\t\t\t\t\t<div class=\"elementor-element elementor-element-9f3a4d9 animated-slow elementor-invisible elementor-widget elementor-widget-the7-heading\" data-id=\"9f3a4d9\" data-element_type=\"widget\" data-settings=\"{&quot;_animation&quot;:&quot;fadeIn&quot;}\" data-widget_type=\"the7-heading.default\">\n\t\t\t\t<div class=\"elementor-widget-container\">\n\t\t\t\t\t<h2 class=\"the7-heading-title elementor-size-default translation-block\">XII. Czech<br>\nLace Biennale<\/h2>\t\t\t\t<\/div>\n\t\t\t\t<\/div>\n\t\t\t\t<div class=\"elementor-element elementor-element-1611c94 elementor-widget elementor-widget-spacer\" data-id=\"1611c94\" data-element_type=\"widget\" data-widget_type=\"spacer.default\">\n\t\t\t\t\t\t\t<div class=\"elementor-spacer\">\n\t\t\t<div class=\"elementor-spacer-inner\"><\/div>\n\t\t<\/div>\n\t\t\t\t\t\t<\/div>\n\t\t\t\t<div class=\"elementor-element elementor-element-3f82dc1 animated-slow elementor-invisible elementor-widget elementor-widget-heading\" data-id=\"3f82dc1\" data-element_type=\"widget\" data-settings=\"{&quot;_animation&quot;:&quot;fadeIn&quot;,&quot;_animation_delay&quot;:250}\" data-widget_type=\"heading.default\">\n\t\t\t\t\t<h4 class=\"elementor-heading-title elementor-size-default\"><strong>VAMBERK 26\/6 \u2014 23\/8\/2026<\/strong><br>\nSLAVNOSTN\u00cd ZAH\u00c1JEN\u00cd 25\/6\/2026 V 18.00<\/h4>\t\t\t\t<\/div>\n\t\t\t\t<div class=\"elementor-element elementor-element-be4facc elementor-widget elementor-widget-spacer\" data-id=\"be4facc\" data-element_type=\"widget\" data-widget_type=\"spacer.default\">\n\t\t\t\t\t\t\t<div class=\"elementor-spacer\">\n\t\t\t<div class=\"elementor-spacer-inner\"><\/div>\n\t\t<\/div>\n\t\t\t\t\t\t<\/div>\n\t\t\t\t<div class=\"elementor-element elementor-element-b3c7573 elementor-widget__width-auto elementor-widget-mobile__width-inherit elementor-mobile-align-center elementor-invisible elementor-widget elementor-widget-the7_button_widget\" data-id=\"b3c7573\" data-element_type=\"widget\" data-settings=\"{&quot;_animation&quot;:&quot;fadeInUp&quot;,&quot;_animation_delay&quot;:500}\" data-widget_type=\"the7_button_widget.default\">\n\t\t\t\t<div class=\"elementor-widget-container\">\n\t\t\t\t\t<style>.elementor-element-b3c7573{display:none !important}<\/style>\t\t\t\t<\/div>\n\t\t\t\t<\/div>\n\t\t\t\t<div class=\"elementor-element elementor-element-7acd6bf elementor-widget__width-auto elementor-widget-mobile__width-inherit elementor-mobile-align-center elementor-invisible elementor-widget elementor-widget-the7_button_widget\" data-id=\"7acd6bf\" data-element_type=\"widget\" data-settings=\"{&quot;_animation&quot;:&quot;fadeInUp&quot;,&quot;_animation_delay&quot;:750}\" data-widget_type=\"the7_button_widget.default\">\n\t\t\t\t<div class=\"elementor-widget-container\">\n\t\t\t\t\t<div class=\"elementor-button-wrapper\"><a href=\"#fotogalerie\" class=\"box-button elementor-button elementor-size-xl\">Photo Gallery<\/a><\/div>\t\t\t\t<\/div>\n\t\t\t\t<\/div>\n\t\t\t\t\t<\/div>\n\t\t<\/div>\n\t\t\t\t<div class=\"elementor-column elementor-col-50 elementor-top-column elementor-element elementor-element-907dae9\" data-id=\"907dae9\" data-element_type=\"column\">\n\t\t\t<div class=\"elementor-widget-wrap elementor-element-populated\">\n\t\t\t\t\t\t<section class=\"elementor-section elementor-inner-section elementor-element elementor-element-4cf4159 elementor-section-height-min-height elementor-section-boxed elementor-section-height-default\" data-id=\"4cf4159\" data-element_type=\"section\">\n\t\t\t\t\t\t<div class=\"elementor-container elementor-column-gap-default\">\n\t\t\t\t\t<div class=\"elementor-column elementor-col-100 elementor-inner-column elementor-element elementor-element-5c4cf61\" data-id=\"5c4cf61\" data-element_type=\"column\">\n\t\t\t<div class=\"elementor-widget-wrap elementor-element-populated\">\n\t\t\t\t\t\t<div class=\"elementor-element elementor-element-7f3636f elementor-widget elementor-widget-image\" data-id=\"7f3636f\" data-element_type=\"widget\" data-widget_type=\"image.default\">\n\t\t\t\t\t\t\t\t\t\t\t\t\t\t\t<img fetchpriority=\"high\" decoding=\"async\" width=\"754\" height=\"521\" src=\"https:\/\/bienale.vamberk.cz\/wp-content\/uploads\/2025\/09\/bienale-foto.png\" class=\"attachment-large size-large wp-image-94691\" alt=\"\" srcset=\"https:\/\/bienale.vamberk.cz\/wp-content\/uploads\/2025\/09\/bienale-foto.png 754w, https:\/\/bienale.vamberk.cz\/wp-content\/uploads\/2025\/09\/bienale-foto-300x207.png 300w\" sizes=\"(max-width: 754px) 100vw, 754px\" \/>\t\t\t\t\t\t\t\t\t\t\t\t\t\t\t<\/div>\n\t\t\t\t\t<\/div>\n\t\t<\/div>\n\t\t\t\t\t<\/div>\n\t\t<\/section>\n\t\t\t\t\t<\/div>\n\t\t<\/div>\n\t\t\t\t\t<\/div>\n\t\t<\/section>\n\t\t\t\t<section class=\"elementor-section elementor-top-section elementor-element elementor-element-3d5e668 elementor-section-boxed elementor-section-height-default elementor-section-height-default\" data-id=\"3d5e668\" data-element_type=\"section\" id=\"aktuality\" data-settings=\"{&quot;background_background&quot;:&quot;classic&quot;}\">\n\t\t\t\t\t\t<div class=\"elementor-container elementor-column-gap-wider\">\n\t\t\t\t\t<div class=\"elementor-column elementor-col-100 elementor-top-column elementor-element elementor-element-7ea9fc2\" data-id=\"7ea9fc2\" data-element_type=\"column\">\n\t\t\t<div class=\"elementor-widget-wrap elementor-element-populated\">\n\t\t\t\t<div class=\"elementor-element elementor-element-23a2d20 e-flex e-con-boxed e-con e-parent\" data-id=\"23a2d20\" data-element_type=\"container\">\n\t\t\t\t\t<div class=\"e-con-inner\">\n\t\t\t\t<div class=\"elementor-element elementor-element-12aeffb elementor-widget-tablet__width-inherit elementor-invisible elementor-widget elementor-widget-text-editor\" data-id=\"12aeffb\" data-element_type=\"widget\" data-settings=\"{&quot;_animation&quot;:&quot;fadeIn&quot;,&quot;_animation_delay&quot;:750}\" data-widget_type=\"text-editor.default\">\n\t\t\t\t\t\t\t\t\t<p class=\"translation-block\">You might be <br>interested in:<\/p>\t\t\t\t\t\t\t\t<\/div>\n\t\t\t\t<div class=\"elementor-element elementor-element-a9b0fc4 elementor-widget__width-auto elementor-widget-mobile__width-inherit elementor-mobile-align-center elementor-invisible elementor-widget elementor-widget-the7_button_widget\" data-id=\"a9b0fc4\" data-element_type=\"widget\" data-settings=\"{&quot;_animation&quot;:&quot;fadeIn&quot;,&quot;_animation_delay&quot;:750}\" data-widget_type=\"the7_button_widget.default\">\n\t\t\t\t<div class=\"elementor-widget-container\">\n\t\t\t\t\t<div class=\"elementor-button-wrapper\"><a href=\"https:\/\/www.moh.cz\/muzeum-krajky\" target=\"_blank\" class=\"box-button elementor-button elementor-size-xl\">Lace Museum<\/a><\/div>\t\t\t\t<\/div>\n\t\t\t\t<\/div>\n\t\t\t\t<div class=\"elementor-element elementor-element-445dde0 elementor-widget__width-auto elementor-widget-mobile__width-inherit elementor-mobile-align-center elementor-invisible elementor-widget elementor-widget-the7_button_widget\" data-id=\"445dde0\" data-element_type=\"widget\" data-settings=\"{&quot;_animation&quot;:&quot;fadeIn&quot;,&quot;_animation_delay&quot;:750}\" data-widget_type=\"the7_button_widget.default\">\n\t\t\t\t<div class=\"elementor-widget-container\">\n\t\t\t\t\t<div class=\"elementor-button-wrapper\"><a href=\"http:\/\/www.krajkarskaskola.cz\/\" target=\"_blank\" class=\"box-button elementor-button elementor-size-xl\">School of Lace-making<\/a><\/div>\t\t\t\t<\/div>\n\t\t\t\t<\/div>\n\t\t\t\t<div class=\"elementor-element elementor-element-65f4c1c elementor-widget__width-auto elementor-widget-mobile__width-inherit elementor-mobile-align-center elementor-invisible elementor-widget elementor-widget-the7_button_widget\" data-id=\"65f4c1c\" data-element_type=\"widget\" data-settings=\"{&quot;_animation&quot;:&quot;fadeIn&quot;,&quot;_animation_delay&quot;:750}\" data-widget_type=\"the7_button_widget.default\">\n\t\t\t\t<div class=\"elementor-widget-container\">\n\t\t\t\t\t<div class=\"elementor-button-wrapper\"><a href=\"http:\/\/tradice.vamberk.cz\/\" target=\"_blank\" class=\"box-button elementor-button elementor-size-xl\">Tradition of Lace-making<\/a><\/div>\t\t\t\t<\/div>\n\t\t\t\t<\/div>\n\t\t\t\t\t<\/div>\n\t\t\t\t<\/div>\n\t\t\t\t\t<\/div>\n\t\t<\/div>\n\t\t\t\t\t<\/div>\n\t\t<\/section>\n\t\t\t\t<section class=\"elementor-section elementor-top-section elementor-element elementor-element-39d6e8e elementor-section-boxed elementor-section-height-default elementor-section-height-default\" data-id=\"39d6e8e\" data-element_type=\"section\" data-settings=\"{&quot;background_background&quot;:&quot;classic&quot;}\">\n\t\t\t\t\t\t<div class=\"elementor-container elementor-column-gap-wider\">\n\t\t\t\t\t<div class=\"elementor-column elementor-col-100 elementor-top-column elementor-element elementor-element-09e7d3d\" data-id=\"09e7d3d\" data-element_type=\"column\">\n\t\t\t<div class=\"elementor-widget-wrap elementor-element-populated\">\n\t\t\t\t\t\t<div class=\"elementor-element elementor-element-6a38deb elementor-widget__width-initial elementor-widget elementor-widget-the7-heading\" data-id=\"6a38deb\" data-element_type=\"widget\" data-widget_type=\"the7-heading.default\">\n\t\t\t\t<div class=\"elementor-widget-container\">\n\t\t\t\t\t<h3 class=\"the7-heading-title elementor-size-default\">News<\/h3>\t\t\t\t<\/div>\n\t\t\t\t<\/div>\n\t\t\t\t<div class=\"elementor-element elementor-element-8e6451d elementor-widget elementor-widget-the7_elements\" data-id=\"8e6451d\" data-element_type=\"widget\" data-widget_type=\"the7_elements.default\">\n\t\t\t\t<div class=\"elementor-widget-container\">\n\t\t\t\t\t<div class=\"portfolio-shortcode the7-elementor-widget the7_elements-8e6451d mode-masonry classic-layout-list description-under-image quick-scale-img content-bg-on enable-bg-rollover resize-by-browser-width loading-effect-none jquery-filter\" data-padding=\"15px\" data-mobile-columns-num=\"1\" data-tablet-columns-num=\"2\" data-desktop-columns-num=\"3\" data-wide-desktop-columns-num=\"3\" data-post-limit=\"-1\" data-pagination-mode=\"none\" data-scroll-offset=\"\" aria-live=\"assertive\"><div class=\"iso-container dt-isotope custom-iso-columns\"><div class=\"visible wf-cell iso-item\" data-post-id=\"94303\" data-date=\"2025-07-09T14:35:43+02:00\" data-name=\"XII. Bien\u00e1le \u010desk\u00e9 krajky vyhl\u00e1\u0161eno\"><article class=\"post visible no-img post-94303 type-post status-publish format-standard hentry category-nezarazene\" data-name=\"XII. Bien\u00e1le \u010desk\u00e9 krajky vyhl\u00e1\u0161eno\" data-date=\"2025-07-09T14:35:43+02:00\">\n\n<div class=\"post-entry-content\">\n\n\t<h3 class=\"ele-entry-title\"><a href=\"https:\/\/bienale.vamberk.cz\/en\/2025\/07\/09\/dulezite-upozorneni\/\" rel=\"bookmark\" title=\"XII. Biennial of Czech Lace announced\">XII. Biennial of Czech Lace announced<\/a><\/h3><div class=\"entry-meta\"><a href=\"https:\/\/bienale.vamberk.cz\/en\/2025\/07\/09\/\" title=\"14:35\" class=\"meta-item data-link\" rel=\"bookmark\"><time class=\"entry-date updated\" datetime=\"2025-07-09T14:35:43+02:00\">9. 7. 2025<\/time><\/a><\/div><div class=\"entry-excerpt\"><p>The traditional exhibition of contemporary lace work in Vamberk will take place for the twelfth time in 2026. The rules of the competition have been published and applications are now open. As in the previous year, there will be competition in four categories: 1\/ Lace \u2013 Free work 2\/ Clothing and interior lace \u2013 design 3\/ Interest work 4\/ Student works The new feature is the extension of the exhibition period until\u2026<\/p>\n<\/div><a href=\"https:\/\/bienale.vamberk.cz\/en\/2025\/07\/09\/dulezite-upozorneni\/\" target=\"\" aria-label=\"Read more about XII. Bien\u00e1le \u010desk\u00e9 krajky vyhl\u00e1\u0161eno\" class=\"box-button elementor-button elementor-size-xs\">Read more<\/a>\n<\/div><\/article><\/div><\/div><!-- iso-container|iso-grid --><\/div>\t\t\t\t<\/div>\n\t\t\t\t<\/div>\n\t\t\t\t\t<\/div>\n\t\t<\/div>\n\t\t\t\t\t<\/div>\n\t\t<\/section>\n\t\t\t\t<section class=\"elementor-section elementor-top-section elementor-element elementor-element-20cdc2a elementor-section-boxed elementor-section-height-default elementor-section-height-default\" data-id=\"20cdc2a\" data-element_type=\"section\" id=\"fotogalerie\" data-settings=\"{&quot;background_background&quot;:&quot;classic&quot;}\">\n\t\t\t\t\t\t<div class=\"elementor-container elementor-column-gap-wider\">\n\t\t\t\t\t<div class=\"elementor-column elementor-col-100 elementor-top-column elementor-element elementor-element-4b6b154\" data-id=\"4b6b154\" data-element_type=\"column\">\n\t\t\t<div class=\"elementor-widget-wrap elementor-element-populated\">\n\t\t\t\t\t\t<div class=\"elementor-element elementor-element-3d777ea elementor-widget__width-initial elementor-widget elementor-widget-the7-heading\" data-id=\"3d777ea\" data-element_type=\"widget\" data-widget_type=\"the7-heading.default\">\n\t\t\t\t<div class=\"elementor-widget-container\">\n\t\t\t\t\t<h3 class=\"the7-heading-title elementor-size-default\">Photo Gallery<\/h3>\t\t\t\t<\/div>\n\t\t\t\t<\/div>\n\t\t\t\t<div class=\"elementor-element elementor-element-58a36d9 elementor-widget elementor-widget-gallery\" data-id=\"58a36d9\" data-element_type=\"widget\" data-settings=\"{&quot;gallery_layout&quot;:&quot;masonry&quot;,&quot;columns&quot;:5,&quot;lazyload&quot;:&quot;yes&quot;,&quot;columns_tablet&quot;:2,&quot;columns_mobile&quot;:1,&quot;gap&quot;:{&quot;unit&quot;:&quot;px&quot;,&quot;size&quot;:10,&quot;sizes&quot;:[]},&quot;gap_tablet&quot;:{&quot;unit&quot;:&quot;px&quot;,&quot;size&quot;:10,&quot;sizes&quot;:[]},&quot;gap_mobile&quot;:{&quot;unit&quot;:&quot;px&quot;,&quot;size&quot;:10,&quot;sizes&quot;:[]},&quot;link_to&quot;:&quot;file&quot;,&quot;overlay_background&quot;:&quot;yes&quot;,&quot;content_hover_animation&quot;:&quot;fade-in&quot;}\" data-widget_type=\"gallery.default\">\n\t\t\t\t\t\t\t<div class=\"elementor-gallery__container\">\n\t\t\t\t\t\t\t<a class=\"e-gallery-item elementor-gallery-item elementor-animated-content\" href=\"https:\/\/bienale.vamberk.cz\/wp-content\/uploads\/2025\/09\/I.jpg\" data-elementor-open-lightbox=\"yes\" data-elementor-lightbox-slideshow=\"58a36d9\" data-elementor-lightbox-title=\"I\" data-e-action-hash=\"#elementor-action%3Aaction%3Dlightbox%26settings%3DeyJpZCI6OTQ3MzQsInVybCI6Imh0dHBzOlwvXC9iaWVuYWxlLnZhbWJlcmsuY3pcL3dwLWNvbnRlbnRcL3VwbG9hZHNcLzIwMjVcLzA5XC9JLmpwZyIsInNsaWRlc2hvdyI6IjU4YTM2ZDkifQ%3D%3D\">\n\t\t\t\t\t<div class=\"e-gallery-image elementor-gallery-item__image\" data-thumbnail=\"https:\/\/bienale.vamberk.cz\/wp-content\/uploads\/2025\/09\/I-768x1086.jpg\" data-width=\"768\" data-height=\"1086\" aria-label=\"\" role=\"img\" ><\/div>\n\t\t\t\t\t\t\t\t\t\t\t<div class=\"elementor-gallery-item__overlay\"><\/div>\n\t\t\t\t\t\t\t\t\t\t\t\t\t\t<\/a>\n\t\t\t\t\t\t\t<a class=\"e-gallery-item elementor-gallery-item elementor-animated-content\" href=\"https:\/\/bienale.vamberk.cz\/wp-content\/uploads\/2025\/09\/II.jpg\" data-elementor-open-lightbox=\"yes\" data-elementor-lightbox-slideshow=\"58a36d9\" data-elementor-lightbox-title=\"II\" data-e-action-hash=\"#elementor-action%3Aaction%3Dlightbox%26settings%3DeyJpZCI6OTQ3MzUsInVybCI6Imh0dHBzOlwvXC9iaWVuYWxlLnZhbWJlcmsuY3pcL3dwLWNvbnRlbnRcL3VwbG9hZHNcLzIwMjVcLzA5XC9JSS5qcGciLCJzbGlkZXNob3ciOiI1OGEzNmQ5In0%3D\">\n\t\t\t\t\t<div class=\"e-gallery-image elementor-gallery-item__image\" data-thumbnail=\"https:\/\/bienale.vamberk.cz\/wp-content\/uploads\/2025\/09\/II-768x1086.jpg\" data-width=\"768\" data-height=\"1086\" aria-label=\"\" role=\"img\" ><\/div>\n\t\t\t\t\t\t\t\t\t\t\t<div class=\"elementor-gallery-item__overlay\"><\/div>\n\t\t\t\t\t\t\t\t\t\t\t\t\t\t<\/a>\n\t\t\t\t\t\t\t<a class=\"e-gallery-item elementor-gallery-item elementor-animated-content\" href=\"https:\/\/bienale.vamberk.cz\/wp-content\/uploads\/2025\/09\/III.jpg\" data-elementor-open-lightbox=\"yes\" data-elementor-lightbox-slideshow=\"58a36d9\" data-elementor-lightbox-title=\"III\" data-e-action-hash=\"#elementor-action%3Aaction%3Dlightbox%26settings%3DeyJpZCI6OTQ3MzYsInVybCI6Imh0dHBzOlwvXC9iaWVuYWxlLnZhbWJlcmsuY3pcL3dwLWNvbnRlbnRcL3VwbG9hZHNcLzIwMjVcLzA5XC9JSUkuanBnIiwic2xpZGVzaG93IjoiNThhMzZkOSJ9\">\n\t\t\t\t\t<div class=\"e-gallery-image elementor-gallery-item__image\" data-thumbnail=\"https:\/\/bienale.vamberk.cz\/wp-content\/uploads\/2025\/09\/III-768x1086.jpg\" data-width=\"768\" data-height=\"1086\" aria-label=\"\" role=\"img\" ><\/div>\n\t\t\t\t\t\t\t\t\t\t\t<div class=\"elementor-gallery-item__overlay\"><\/div>\n\t\t\t\t\t\t\t\t\t\t\t\t\t\t<\/a>\n\t\t\t\t\t\t\t<a class=\"e-gallery-item elementor-gallery-item elementor-animated-content\" href=\"https:\/\/bienale.vamberk.cz\/wp-content\/uploads\/2025\/09\/IV.jpg\" data-elementor-open-lightbox=\"yes\" data-elementor-lightbox-slideshow=\"58a36d9\" data-elementor-lightbox-title=\"IV\" data-e-action-hash=\"#elementor-action%3Aaction%3Dlightbox%26settings%3DeyJpZCI6OTQ3MzcsInVybCI6Imh0dHBzOlwvXC9iaWVuYWxlLnZhbWJlcmsuY3pcL3dwLWNvbnRlbnRcL3VwbG9hZHNcLzIwMjVcLzA5XC9JVi5qcGciLCJzbGlkZXNob3ciOiI1OGEzNmQ5In0%3D\">\n\t\t\t\t\t<div class=\"e-gallery-image elementor-gallery-item__image\" data-thumbnail=\"https:\/\/bienale.vamberk.cz\/wp-content\/uploads\/2025\/09\/IV-768x1086.jpg\" data-width=\"768\" data-height=\"1086\" aria-label=\"\" role=\"img\" ><\/div>\n\t\t\t\t\t\t\t\t\t\t\t<div class=\"elementor-gallery-item__overlay\"><\/div>\n\t\t\t\t\t\t\t\t\t\t\t\t\t\t<\/a>\n\t\t\t\t\t\t\t<a class=\"e-gallery-item elementor-gallery-item elementor-animated-content\" href=\"https:\/\/bienale.vamberk.cz\/wp-content\/uploads\/2025\/09\/V.jpg\" data-elementor-open-lightbox=\"yes\" data-elementor-lightbox-slideshow=\"58a36d9\" data-elementor-lightbox-title=\"V\" data-e-action-hash=\"#elementor-action%3Aaction%3Dlightbox%26settings%3DeyJpZCI6OTQ3MzksInVybCI6Imh0dHBzOlwvXC9iaWVuYWxlLnZhbWJlcmsuY3pcL3dwLWNvbnRlbnRcL3VwbG9hZHNcLzIwMjVcLzA5XC9WLmpwZyIsInNsaWRlc2hvdyI6IjU4YTM2ZDkifQ%3D%3D\">\n\t\t\t\t\t<div class=\"e-gallery-image elementor-gallery-item__image\" data-thumbnail=\"https:\/\/bienale.vamberk.cz\/wp-content\/uploads\/2025\/09\/V-768x1086.jpg\" data-width=\"768\" data-height=\"1086\" aria-label=\"\" role=\"img\" ><\/div>\n\t\t\t\t\t\t\t\t\t\t\t<div class=\"elementor-gallery-item__overlay\"><\/div>\n\t\t\t\t\t\t\t\t\t\t\t\t\t\t<\/a>\n\t\t\t\t\t\t\t<a class=\"e-gallery-item elementor-gallery-item elementor-animated-content\" href=\"https:\/\/bienale.vamberk.cz\/wp-content\/uploads\/2025\/09\/VI.jpg\" data-elementor-open-lightbox=\"yes\" data-elementor-lightbox-slideshow=\"58a36d9\" data-elementor-lightbox-title=\"VI\" data-e-action-hash=\"#elementor-action%3Aaction%3Dlightbox%26settings%3DeyJpZCI6OTQ3NDAsInVybCI6Imh0dHBzOlwvXC9iaWVuYWxlLnZhbWJlcmsuY3pcL3dwLWNvbnRlbnRcL3VwbG9hZHNcLzIwMjVcLzA5XC9WSS5qcGciLCJzbGlkZXNob3ciOiI1OGEzNmQ5In0%3D\">\n\t\t\t\t\t<div class=\"e-gallery-image elementor-gallery-item__image\" data-thumbnail=\"https:\/\/bienale.vamberk.cz\/wp-content\/uploads\/2025\/09\/VI-768x1086.jpg\" data-width=\"768\" data-height=\"1086\" aria-label=\"\" role=\"img\" ><\/div>\n\t\t\t\t\t\t\t\t\t\t\t<div class=\"elementor-gallery-item__overlay\"><\/div>\n\t\t\t\t\t\t\t\t\t\t\t\t\t\t<\/a>\n\t\t\t\t\t\t\t<a class=\"e-gallery-item elementor-gallery-item elementor-animated-content\" href=\"https:\/\/bienale.vamberk.cz\/wp-content\/uploads\/2025\/09\/VII.jpg\" data-elementor-open-lightbox=\"yes\" data-elementor-lightbox-slideshow=\"58a36d9\" data-elementor-lightbox-title=\"VII\" data-e-action-hash=\"#elementor-action%3Aaction%3Dlightbox%26settings%3DeyJpZCI6OTQ3NDEsInVybCI6Imh0dHBzOlwvXC9iaWVuYWxlLnZhbWJlcmsuY3pcL3dwLWNvbnRlbnRcL3VwbG9hZHNcLzIwMjVcLzA5XC9WSUkuanBnIiwic2xpZGVzaG93IjoiNThhMzZkOSJ9\">\n\t\t\t\t\t<div class=\"e-gallery-image elementor-gallery-item__image\" data-thumbnail=\"https:\/\/bienale.vamberk.cz\/wp-content\/uploads\/2025\/09\/VII-768x1086.jpg\" data-width=\"768\" data-height=\"1086\" aria-label=\"\" role=\"img\" ><\/div>\n\t\t\t\t\t\t\t\t\t\t\t<div class=\"elementor-gallery-item__overlay\"><\/div>\n\t\t\t\t\t\t\t\t\t\t\t\t\t\t<\/a>\n\t\t\t\t\t\t\t<a class=\"e-gallery-item elementor-gallery-item elementor-animated-content\" href=\"https:\/\/bienale.vamberk.cz\/wp-content\/uploads\/2025\/09\/VIII.jpg\" data-elementor-open-lightbox=\"yes\" data-elementor-lightbox-slideshow=\"58a36d9\" data-elementor-lightbox-title=\"VIII\" data-e-action-hash=\"#elementor-action%3Aaction%3Dlightbox%26settings%3DeyJpZCI6OTQ3NDIsInVybCI6Imh0dHBzOlwvXC9iaWVuYWxlLnZhbWJlcmsuY3pcL3dwLWNvbnRlbnRcL3VwbG9hZHNcLzIwMjVcLzA5XC9WSUlJLmpwZyIsInNsaWRlc2hvdyI6IjU4YTM2ZDkifQ%3D%3D\">\n\t\t\t\t\t<div class=\"e-gallery-image elementor-gallery-item__image\" data-thumbnail=\"https:\/\/bienale.vamberk.cz\/wp-content\/uploads\/2025\/09\/VIII-768x1086.jpg\" data-width=\"768\" data-height=\"1086\" aria-label=\"\" role=\"img\" ><\/div>\n\t\t\t\t\t\t\t\t\t\t\t<div class=\"elementor-gallery-item__overlay\"><\/div>\n\t\t\t\t\t\t\t\t\t\t\t\t\t\t<\/a>\n\t\t\t\t\t\t\t<a class=\"e-gallery-item elementor-gallery-item elementor-animated-content\" href=\"https:\/\/bienale.vamberk.cz\/wp-content\/uploads\/2025\/09\/IX.jpg\" data-elementor-open-lightbox=\"yes\" data-elementor-lightbox-slideshow=\"58a36d9\" data-elementor-lightbox-title=\"IX\" data-e-action-hash=\"#elementor-action%3Aaction%3Dlightbox%26settings%3DeyJpZCI6OTQ3MzgsInVybCI6Imh0dHBzOlwvXC9iaWVuYWxlLnZhbWJlcmsuY3pcL3dwLWNvbnRlbnRcL3VwbG9hZHNcLzIwMjVcLzA5XC9JWC5qcGciLCJzbGlkZXNob3ciOiI1OGEzNmQ5In0%3D\">\n\t\t\t\t\t<div class=\"e-gallery-image elementor-gallery-item__image\" data-thumbnail=\"https:\/\/bienale.vamberk.cz\/wp-content\/uploads\/2025\/09\/IX-768x1086.jpg\" data-width=\"768\" data-height=\"1086\" aria-label=\"\" role=\"img\" ><\/div>\n\t\t\t\t\t\t\t\t\t\t\t<div class=\"elementor-gallery-item__overlay\"><\/div>\n\t\t\t\t\t\t\t\t\t\t\t\t\t\t<\/a>\n\t\t\t\t\t\t\t<a class=\"e-gallery-item elementor-gallery-item elementor-animated-content\" href=\"https:\/\/bienale.vamberk.cz\/wp-content\/uploads\/2025\/09\/X.jpg\" data-elementor-open-lightbox=\"yes\" data-elementor-lightbox-slideshow=\"58a36d9\" data-elementor-lightbox-title=\"X\" data-e-action-hash=\"#elementor-action%3Aaction%3Dlightbox%26settings%3DeyJpZCI6OTQ3NDMsInVybCI6Imh0dHBzOlwvXC9iaWVuYWxlLnZhbWJlcmsuY3pcL3dwLWNvbnRlbnRcL3VwbG9hZHNcLzIwMjVcLzA5XC9YLmpwZyIsInNsaWRlc2hvdyI6IjU4YTM2ZDkifQ%3D%3D\">\n\t\t\t\t\t<div class=\"e-gallery-image elementor-gallery-item__image\" data-thumbnail=\"https:\/\/bienale.vamberk.cz\/wp-content\/uploads\/2025\/09\/X-768x1086.jpg\" data-width=\"768\" data-height=\"1086\" aria-label=\"\" role=\"img\" ><\/div>\n\t\t\t\t\t\t\t\t\t\t\t<div class=\"elementor-gallery-item__overlay\"><\/div>\n\t\t\t\t\t\t\t\t\t\t\t\t\t\t<\/a>\n\t\t\t\t\t<\/div>\n\t\t\t\t\t<\/div>\n\t\t\t\t\t<\/div>\n\t\t<\/div>\n\t\t\t\t\t<\/div>\n\t\t<\/section>\n\t\t\t\t<\/div>","protected":false},"excerpt":{"rendered":"<p>XII. Bien\u00e1le \u010desk\u00e9 krajky VAMBERK 26\/6 \u2014 23\/8\/2026 SLAVNOSTN\u00cd ZAH\u00c1JEN\u00cd 25\/6\/2026 V 18.00 P\u0159ihl\u00e1\u0161ka Fotogalerie Mohlo by v\u00e1s zaj\u00edmat: Muzeum Krajky Krajk\u00e1\u0159sk\u00e1 \u0161kola Tradice krajk\u00e1\u0159stv\u00ed Aktuality XII. Bien\u00e1le \u010desk\u00e9 krajky vyhl\u00e1\u0161eno 9. 7. 2025 Tradi\u010dn\u00ed p\u0159ehl\u00eddka sou\u010dasn\u00e9 krajk\u00e1\u0159sk\u00e9 tvorby ve Vamberku se uskute\u010dn\u00ed v\u00a0roce 2026 ji\u017e podvan\u00e1ct\u00e9. Byla zve\u0159ejn\u011bna pravidla sout\u011b\u017ee a otev\u0159en p\u0159\u00edjem p\u0159ihl\u00e1\u0161ek.&hellip;<\/p>","protected":false},"author":1,"featured_media":0,"parent":0,"menu_order":1,"comment_status":"closed","ping_status":"closed","template":"elementor_header_footer","meta":{"footnotes":""},"class_list":["post-15686","page","type-page","status-publish","hentry"],"_links":{"self":[{"href":"https:\/\/bienale.vamberk.cz\/en\/wp-json\/wp\/v2\/pages\/15686","targetHints":{"allow":["GET"]}}],"collection":[{"href":"https:\/\/bienale.vamberk.cz\/en\/wp-json\/wp\/v2\/pages"}],"about":[{"href":"https:\/\/bienale.vamberk.cz\/en\/wp-json\/wp\/v2\/types\/page"}],"author":[{"embeddable":true,"href":"https:\/\/bienale.vamberk.cz\/en\/wp-json\/wp\/v2\/users\/1"}],"replies":[{"embeddable":true,"href":"https:\/\/bienale.vamberk.cz\/en\/wp-json\/wp\/v2\/comments?post=15686"}],"version-history":[{"count":228,"href":"https:\/\/bienale.vamberk.cz\/en\/wp-json\/wp\/v2\/pages\/15686\/revisions"}],"predecessor-version":[{"id":94988,"href":"https:\/\/bienale.vamberk.cz\/en\/wp-json\/wp\/v2\/pages\/15686\/revisions\/94988"}],"wp:attachment":[{"href":"https:\/\/bienale.vamberk.cz\/en\/wp-json\/wp\/v2\/media?parent=15686"}],"curies":[{"name":"wp","href":"https:\/\/api.w.org\/{rel}","templated":true}]}}